{"id":82602,"date":"2024-07-04T09:27:55","date_gmt":"2024-07-04T09:27:55","guid":{"rendered":"https:\/\/wordpress.zozothemes.com\/finxpert\/home-copy\/"},"modified":"2025-01-29T13:46:28","modified_gmt":"2025-01-29T12:46:28","slug":"o-nama","status":"publish","type":"page","link":"https:\/\/predit.hr\/en\/o-nama\/","title":{"rendered":"About us"},"content":{"rendered":"<div data-elementor-type=\"wp-page\" data-elementor-id=\"82602\" class=\"elementor elementor-82602\">\n\t\t\t\t<div class=\"elementor-element elementor-element-336cf0a e-flex e-con-boxed e-con e-parent\" data-id=\"336cf0a\" data-element_type=\"container\" data-settings=\"{&quot;background_background&quot;:&quot;classic&quot;,&quot;shape_divider_bottom&quot;:&quot;opacity-tilt&quot;}\">\n\t\t\t\t\t<div class=\"e-con-inner\">\n\t\t\t\t<div class=\"elementor-shape elementor-shape-bottom\" data-negative=\"false\">\n\t\t\t<svg xmlns=\"http:\/\/www.w3.org\/2000\/svg\" viewbox=\"0 0 2600 131.1\" preserveaspectratio=\"none\">\n\t<path class=\"elementor-shape-fill\" d=\"M0 0L2600 0 2600 69.1 0 0z\"\/>\n\t<path class=\"elementor-shape-fill\" style=\"opacity:0.5\" d=\"M0 0L2600 0 2600 69.1 0 69.1z\"\/>\n\t<path class=\"elementor-shape-fill\" style=\"opacity:0.25\" d=\"M2600 0L0 0 0 130.1 2600 69.1z\"\/>\n<\/svg>\t\t<\/div>\n\t\t<div class=\"elementor-element elementor-element-f1c6332 e-con-full e-flex e-con e-child\" data-id=\"f1c6332\" data-element_type=\"container\" data-settings=\"{&quot;background_background&quot;:&quot;classic&quot;}\">\n\t\t<div class=\"elementor-element elementor-element-001c6c3 e-con-full e-flex e-con e-child\" data-id=\"001c6c3\" data-element_type=\"container\">\n\t\t\t\t<div class=\"elementor-element elementor-element-8808b3c elementor-widget__width-initial elementor-widget elementor-widget-heading\" data-id=\"8808b3c\" data-element_type=\"widget\" data-widget_type=\"heading.default\">\n\t\t\t\t<div class=\"elementor-widget-container\">\n\t\t\t\t\t<span class=\"elementor-heading-title elementor-size-default\">POWER BI <\/span>\t\t\t\t<\/div>\n\t\t\t\t<\/div>\n\t\t\t\t<div class=\"elementor-element elementor-element-bf7dab9 elementor-widget elementor-widget-heading\" data-id=\"bf7dab9\" data-element_type=\"widget\" data-widget_type=\"heading.default\">\n\t\t\t\t<div class=\"elementor-widget-container\">\n\t\t\t\t\t<h4 class=\"elementor-heading-title elementor-size-default\">Faster insights, better decisions<\/h4>\t\t\t\t<\/div>\n\t\t\t\t<\/div>\n\t\t\t\t<div class=\"elementor-element elementor-element-62f0828 elementor-widget elementor-widget-heading\" data-id=\"62f0828\" data-element_type=\"widget\" data-widget_type=\"heading.default\">\n\t\t\t\t<div class=\"elementor-widget-container\">\n\t\t\t\t\t<h4 class=\"elementor-heading-title elementor-size-default\">The power of insights turned into strategic decisions, enabling you to analyze, visualize and act on data in real time.<\/h4>\t\t\t\t<\/div>\n\t\t\t\t<\/div>\n\t\t\t\t<\/div>\n\t\t\t\t<\/div>\n\t\t\t\t\t<\/div>\n\t\t\t\t<\/div>\n\t\t<div class=\"elementor-element elementor-element-4185db9 e-flex e-con-boxed e-con e-parent\" data-id=\"4185db9\" data-element_type=\"container\" data-settings=\"{&quot;background_background&quot;:&quot;classic&quot;}\">\n\t\t\t\t\t<div class=\"e-con-inner\">\n\t\t<div class=\"elementor-element elementor-element-4b00b89 e-con-full e-flex e-con e-child\" data-id=\"4b00b89\" data-element_type=\"container\">\n\t\t\t\t<div class=\"elementor-element elementor-element-61801c7 elementor-widget elementor-widget-image\" data-id=\"61801c7\" data-element_type=\"widget\" data-widget_type=\"image.default\">\n\t\t\t\t<div class=\"elementor-widget-container\">\n\t\t\t\t\t\t\t\t\t\t\t\t\t\t\t<img fetchpriority=\"high\" decoding=\"async\" width=\"900\" height=\"506\" src=\"http:\/\/predit.hr\/wp-content\/uploads\/2024\/07\/team-goal-img2.jpg\" class=\"attachment-full size-full wp-image-85667\" alt=\"\" \/>\t\t\t\t\t\t\t\t\t\t\t\t\t\t\t<\/div>\n\t\t\t\t<\/div>\n\t\t<div class=\"elementor-element elementor-element-20639cf e-grid e-con-full e-con e-child\" data-id=\"20639cf\" data-element_type=\"container\">\n\t\t\t\t<div class=\"elementor-element elementor-element-79f79ce elementor-widget elementor-widget-image\" data-id=\"79f79ce\" data-element_type=\"widget\" data-widget_type=\"image.default\">\n\t\t\t\t<div class=\"elementor-widget-container\">\n\t\t\t\t\t\t\t\t\t\t\t\t\t\t\t<img decoding=\"async\" width=\"1200\" height=\"1033\" src=\"http:\/\/predit.hr\/wp-content\/uploads\/2024\/12\/Ljudski.png\" class=\"attachment-full size-full wp-image-90021\" alt=\"\" srcset=\"http:\/\/predit.hr\/wp-content\/uploads\/2024\/12\/Ljudski.png 1200w, http:\/\/predit.hr\/wp-content\/uploads\/2024\/12\/Ljudski-768x661.png 768w\" sizes=\"(max-width: 1200px) 100vw, 1200px\" \/>\t\t\t\t\t\t\t\t\t\t\t\t\t\t\t<\/div>\n\t\t\t\t<\/div>\n\t\t\t\t<div class=\"elementor-element elementor-element-ea1fe80 elementor-widget elementor-widget-image\" data-id=\"ea1fe80\" data-element_type=\"widget\" data-widget_type=\"image.default\">\n\t\t\t\t<div class=\"elementor-widget-container\">\n\t\t\t\t\t\t\t\t\t\t\t\t\t\t\t<img decoding=\"async\" width=\"1200\" height=\"1033\" src=\"http:\/\/predit.hr\/wp-content\/uploads\/2024\/12\/Sales.png\" class=\"attachment-full size-full wp-image-90025\" alt=\"\" srcset=\"http:\/\/predit.hr\/wp-content\/uploads\/2024\/12\/Sales.png 1200w, http:\/\/predit.hr\/wp-content\/uploads\/2024\/12\/Sales-768x661.png 768w\" sizes=\"(max-width: 1200px) 100vw, 1200px\" \/>\t\t\t\t\t\t\t\t\t\t\t\t\t\t\t<\/div>\n\t\t\t\t<\/div>\n\t\t\t\t<div class=\"elementor-element elementor-element-b005dad elementor-widget elementor-widget-image\" data-id=\"b005dad\" data-element_type=\"widget\" data-widget_type=\"image.default\">\n\t\t\t\t<div class=\"elementor-widget-container\">\n\t\t\t\t\t\t\t\t\t\t\t\t\t\t\t<img loading=\"lazy\" decoding=\"async\" width=\"1200\" height=\"1033\" src=\"http:\/\/predit.hr\/wp-content\/uploads\/2024\/12\/Marketing.png\" class=\"attachment-full size-full wp-image-90029\" alt=\"\" srcset=\"http:\/\/predit.hr\/wp-content\/uploads\/2024\/12\/Marketing.png 1200w, http:\/\/predit.hr\/wp-content\/uploads\/2024\/12\/Marketing-768x661.png 768w\" sizes=\"(max-width: 1200px) 100vw, 1200px\" \/>\t\t\t\t\t\t\t\t\t\t\t\t\t\t\t<\/div>\n\t\t\t\t<\/div>\n\t\t\t\t<\/div>\n\t\t\t\t<\/div>\n\t\t\t\t\t<\/div>\n\t\t\t\t<\/div>\n\t\t<div class=\"elementor-element elementor-element-a3675b0 e-flex e-con-boxed e-con e-parent\" data-id=\"a3675b0\" data-element_type=\"container\" data-settings=\"{&quot;background_background&quot;:&quot;classic&quot;}\">\n\t\t\t\t\t<div class=\"e-con-inner\">\n\t\t\t\t<div class=\"elementor-element elementor-element-f801c88 elementor-widget elementor-widget-heading\" data-id=\"f801c88\" data-element_type=\"widget\" data-widget_type=\"heading.default\">\n\t\t\t\t<div class=\"elementor-widget-container\">\n\t\t\t\t\t<h2 class=\"elementor-heading-title elementor-size-default\">Philosophy<\/h2>\t\t\t\t<\/div>\n\t\t\t\t<\/div>\n\t\t\t\t<div class=\"elementor-element elementor-element-4abe9ca elementor-widget elementor-widget-heading\" data-id=\"4abe9ca\" data-element_type=\"widget\" data-widget_type=\"heading.default\">\n\t\t\t\t<div class=\"elementor-widget-container\">\n\t\t\t\t\t<h4 class=\"elementor-heading-title elementor-size-default\">Data. Strategy. Decision.<\/h4>\t\t\t\t<\/div>\n\t\t\t\t<\/div>\n\t\t\t\t<div class=\"elementor-element elementor-element-0874da6 elementor-widget elementor-widget-heading\" data-id=\"0874da6\" data-element_type=\"widget\" data-widget_type=\"heading.default\">\n\t\t\t\t<div class=\"elementor-widget-container\">\n\t\t\t\t\t<h4 class=\"elementor-heading-title elementor-size-default\">We were founded as a group of motivated experts with the goal of creating a complete solution to help organizations in the process of planning and analyzing data. We want to provide organizations with simple and fast business decision-making.<\/h4>\t\t\t\t<\/div>\n\t\t\t\t<\/div>\n\t\t\t\t\t<\/div>\n\t\t\t\t<\/div>\n\t\t<div class=\"elementor-element elementor-element-69b3302 e-flex e-con-boxed e-con e-parent\" data-id=\"69b3302\" data-element_type=\"container\" data-settings=\"{&quot;background_background&quot;:&quot;classic&quot;}\">\n\t\t\t\t\t<div class=\"e-con-inner\">\n\t\t\t\t<div class=\"elementor-element elementor-element-a7f03ff elementor-widget elementor-widget-image\" data-id=\"a7f03ff\" data-element_type=\"widget\" data-widget_type=\"image.default\">\n\t\t\t\t<div class=\"elementor-widget-container\">\n\t\t\t\t\t\t\t\t\t\t\t\t\t\t\t<img loading=\"lazy\" decoding=\"async\" width=\"1920\" height=\"1281\" src=\"http:\/\/predit.hr\/wp-content\/uploads\/2025\/01\/Predit-o-nama.png\" class=\"attachment-full size-full wp-image-90629\" alt=\"\" srcset=\"http:\/\/predit.hr\/wp-content\/uploads\/2025\/01\/Predit-o-nama.png 1920w, http:\/\/predit.hr\/wp-content\/uploads\/2025\/01\/Predit-o-nama-768x512.png 768w, http:\/\/predit.hr\/wp-content\/uploads\/2025\/01\/Predit-o-nama-1536x1025.png 1536w, http:\/\/predit.hr\/wp-content\/uploads\/2025\/01\/Predit-o-nama-18x12.png 18w, http:\/\/predit.hr\/wp-content\/uploads\/2025\/01\/Predit-o-nama-1200x801.png 1200w\" sizes=\"(max-width: 1920px) 100vw, 1920px\" \/>\t\t\t\t\t\t\t\t\t\t\t\t\t\t\t<\/div>\n\t\t\t\t<\/div>\n\t\t\t\t\t<\/div>\n\t\t\t\t<\/div>\n\t\t<div class=\"elementor-element elementor-element-606c7df e-flex e-con-boxed e-con e-parent\" data-id=\"606c7df\" data-element_type=\"container\" data-settings=\"{&quot;background_background&quot;:&quot;classic&quot;}\">\n\t\t\t\t\t<div class=\"e-con-inner\">\n\t\t\t\t<div class=\"elementor-element elementor-element-71b5883 elementor-widget elementor-widget-heading\" data-id=\"71b5883\" data-element_type=\"widget\" data-widget_type=\"heading.default\">\n\t\t\t\t<div class=\"elementor-widget-container\">\n\t\t\t\t\t<h2 class=\"elementor-heading-title elementor-size-default\">About us<\/h2>\t\t\t\t<\/div>\n\t\t\t\t<\/div>\n\t\t\t\t<div class=\"elementor-element elementor-element-64965a5 elementor-widget elementor-widget-heading\" data-id=\"64965a5\" data-element_type=\"widget\" data-widget_type=\"heading.default\">\n\t\t\t\t<div class=\"elementor-widget-container\">\n\t\t\t\t\t<h4 class=\"elementor-heading-title elementor-size-default\">People who change the rules of the game.<\/h4>\t\t\t\t<\/div>\n\t\t\t\t<\/div>\n\t\t\t\t<div class=\"elementor-element elementor-element-9734711 elementor-widget elementor-widget-heading\" data-id=\"9734711\" data-element_type=\"widget\" data-widget_type=\"heading.default\">\n\t\t\t\t<div class=\"elementor-widget-container\">\n\t\t\t\t\t<h4 class=\"elementor-heading-title elementor-size-default\">Our team is offered flexible working hours and remote work. Most organizations put customers first. For us, our employees come first because only a motivated and satisfied employee, an employee with a purpose, can provide added value and make the customer happy.<\/h4>\t\t\t\t<\/div>\n\t\t\t\t<\/div>\n\t\t\t\t\t<\/div>\n\t\t\t\t<\/div>\n\t\t<div class=\"elementor-element elementor-element-067975c e-con-full e-flex e-con e-parent\" data-id=\"067975c\" data-element_type=\"container\" data-settings=\"{&quot;background_background&quot;:&quot;classic&quot;}\">\n\t\t<div class=\"elementor-element elementor-element-8987738 e-con-full e-flex e-con e-child\" data-id=\"8987738\" data-element_type=\"container\" data-settings=\"{&quot;background_background&quot;:&quot;classic&quot;}\">\n\t\t<div class=\"elementor-element elementor-element-fb54eee e-con-full e-flex e-con e-child\" data-id=\"fb54eee\" data-element_type=\"container\">\n\t\t<div class=\"elementor-element elementor-element-be37a99 e-con-full e-flex e-con e-child\" data-id=\"be37a99\" data-element_type=\"container\">\n\t\t\t\t<div class=\"elementor-element elementor-element-965f09a elementor-widget elementor-widget-counter\" data-id=\"965f09a\" data-element_type=\"widget\" data-widget_type=\"counter.default\">\n\t\t\t\t<div class=\"elementor-widget-container\">\n\t\t\t\t\t\t\t<div class=\"elementor-counter\">\n\t\t\t<div class=\"elementor-counter-title\">projects<\/div>\t\t\t<div class=\"elementor-counter-number-wrapper\">\n\t\t\t\t<span class=\"elementor-counter-number-prefix\"><\/span>\n\t\t\t\t<span class=\"elementor-counter-number\" data-duration=\"2000\" data-to-value=\"28\" data-from-value=\"0\" data-delimiter=\",\">0<\/span>\n\t\t\t\t<span class=\"elementor-counter-number-suffix\"><\/span>\n\t\t\t<\/div>\n\t\t<\/div>\n\t\t\t\t\t\t<\/div>\n\t\t\t\t<\/div>\n\t\t\t\t<\/div>\n\t\t<div class=\"elementor-element elementor-element-9c84bf6 e-con-full e-flex e-con e-child\" data-id=\"9c84bf6\" data-element_type=\"container\">\n\t\t\t\t<div class=\"elementor-element elementor-element-1251a23 elementor-widget elementor-widget-counter\" data-id=\"1251a23\" data-element_type=\"widget\" data-widget_type=\"counter.default\">\n\t\t\t\t<div class=\"elementor-widget-container\">\n\t\t\t\t\t\t\t<div class=\"elementor-counter\">\n\t\t\t<div class=\"elementor-counter-title\">years of work<\/div>\t\t\t<div class=\"elementor-counter-number-wrapper\">\n\t\t\t\t<span class=\"elementor-counter-number-prefix\"><\/span>\n\t\t\t\t<span class=\"elementor-counter-number\" data-duration=\"2000\" data-to-value=\"15\" data-from-value=\"0\" data-delimiter=\",\">0<\/span>\n\t\t\t\t<span class=\"elementor-counter-number-suffix\">+<\/span>\n\t\t\t<\/div>\n\t\t<\/div>\n\t\t\t\t\t\t<\/div>\n\t\t\t\t<\/div>\n\t\t\t\t<\/div>\n\t\t<div class=\"elementor-element elementor-element-11e2f93 e-con-full e-flex e-con e-child\" data-id=\"11e2f93\" data-element_type=\"container\">\n\t\t\t\t<div class=\"elementor-element elementor-element-f2bf83e elementor-widget elementor-widget-counter\" data-id=\"f2bf83e\" data-element_type=\"widget\" data-widget_type=\"counter.default\">\n\t\t\t\t<div class=\"elementor-widget-container\">\n\t\t\t\t\t\t\t<div class=\"elementor-counter\">\n\t\t\t<div class=\"elementor-counter-title\">analysis and reports<\/div>\t\t\t<div class=\"elementor-counter-number-wrapper\">\n\t\t\t\t<span class=\"elementor-counter-number-prefix\"><\/span>\n\t\t\t\t<span class=\"elementor-counter-number\" data-duration=\"2000\" data-to-value=\"1000\" data-from-value=\"0\" data-delimiter=\",\">0<\/span>\n\t\t\t\t<span class=\"elementor-counter-number-suffix\">+<\/span>\n\t\t\t<\/div>\n\t\t<\/div>\n\t\t\t\t\t\t<\/div>\n\t\t\t\t<\/div>\n\t\t\t\t<\/div>\n\t\t<div class=\"elementor-element elementor-element-add2129 e-con-full e-flex e-con e-child\" data-id=\"add2129\" data-element_type=\"container\">\n\t\t\t\t<div class=\"elementor-element elementor-element-239e04f elementor-widget elementor-widget-counter\" data-id=\"239e04f\" data-element_type=\"widget\" data-widget_type=\"counter.default\">\n\t\t\t\t<div class=\"elementor-widget-container\">\n\t\t\t\t\t\t\t<div class=\"elementor-counter\">\n\t\t\t<div class=\"elementor-counter-title\">satisfied clients<\/div>\t\t\t<div class=\"elementor-counter-number-wrapper\">\n\t\t\t\t<span class=\"elementor-counter-number-prefix\"><\/span>\n\t\t\t\t<span class=\"elementor-counter-number\" data-duration=\"2000\" data-to-value=\"100\" data-from-value=\"0\" data-delimiter=\",\">0<\/span>\n\t\t\t\t<span class=\"elementor-counter-number-suffix\">%<\/span>\n\t\t\t<\/div>\n\t\t<\/div>\n\t\t\t\t\t\t<\/div>\n\t\t\t\t<\/div>\n\t\t\t\t<\/div>\n\t\t\t\t<\/div>\n\t\t\t\t<\/div>\n\t\t\t\t<\/div>\n\t\t\t\t<\/div>","protected":false},"excerpt":{"rendered":"<p>POWER BI Brzi uvidi, bolje odluke Mo\u0107 uvida pretvorenih u strate\u0161ke odluke, omogu\u0107uju\u0107i vam da analizirate, vizualizirate i djelujete na temelju podataka u stvarnom vremenu. Philosophy Podaci&#8230;<\/p>","protected":false},"author":2,"featured_media":0,"parent":0,"menu_order":0,"comment_status":"closed","ping_status":"closed","template":"elementor_header_footer","meta":{"footnotes":""},"class_list":["post-82602","page","type-page","status-publish","hentry"],"_links":{"self":[{"href":"https:\/\/predit.hr\/en\/wp-json\/wp\/v2\/pages\/82602","targetHints":{"allow":["GET"]}}],"collection":[{"href":"https:\/\/predit.hr\/en\/wp-json\/wp\/v2\/pages"}],"about":[{"href":"https:\/\/predit.hr\/en\/wp-json\/wp\/v2\/types\/page"}],"author":[{"embeddable":true,"href":"https:\/\/predit.hr\/en\/wp-json\/wp\/v2\/users\/2"}],"replies":[{"embeddable":true,"href":"https:\/\/predit.hr\/en\/wp-json\/wp\/v2\/comments?post=82602"}],"version-history":[{"count":146,"href":"https:\/\/predit.hr\/en\/wp-json\/wp\/v2\/pages\/82602\/revisions"}],"predecessor-version":[{"id":90635,"href":"https:\/\/predit.hr\/en\/wp-json\/wp\/v2\/pages\/82602\/revisions\/90635"}],"wp:attachment":[{"href":"https:\/\/predit.hr\/en\/wp-json\/wp\/v2\/media?parent=82602"}],"curies":[{"name":"wp","href":"https:\/\/api.w.org\/{rel}","templated":true}]}}